{"id":122,"date":"2015-11-26T13:45:36","date_gmt":"2015-11-26T13:45:42","guid":{"rendered":"http:\/\/ulca.de\/?page_id=122&#038;lang=en"},"modified":"2024-07-10T15:35:49","modified_gmt":"2024-07-10T15:35:49","slug":"technology","status":"publish","type":"page","link":"https:\/\/www.cancontrols.com\/en\/technology","title":{"rendered":"Technologie"},"content":{"rendered":"<p>[et_pb_section fb_built=&#8221;1&#8243; fullwidth=&#8221;on&#8221; admin_label=&#8221;section&#8221; _builder_version=&#8221;4.16&#8243; global_colors_info=&#8221;{}&#8221; da_is_popup=&#8221;off&#8221; da_exit_intent=&#8221;off&#8221; da_has_close=&#8221;on&#8221; da_alt_close=&#8221;off&#8221; da_dark_close=&#8221;off&#8221; da_not_modal=&#8221;on&#8221; da_is_singular=&#8221;off&#8221; da_with_loader=&#8221;off&#8221; da_has_shadow=&#8221;on&#8221; da_disable_devices=&#8221;off|off|off&#8221;][et_pb_fullwidth_header title=&#8221;Technology&#8221; subhead=&#8221;What you should expect on market in five years&#8221; text_orientation=&#8221;center&#8221; header_fullscreen=&#8221;on&#8221; header_scroll_down=&#8221;on&#8221; admin_label=&#8221;Kopfzeile Technology&#8221; _builder_version=&#8221;4.16&#8243; title_font=&#8221;||on||on&#8221; title_font_size=&#8221;80&#8243; content_font=&#8221;|on|||&#8221; content_font_size=&#8221;20px&#8221; subhead_font=&#8221;Cuprum||||&#8221; subhead_font_size=&#8221;30px&#8221; background_color=&#8221;rgba(255, 255, 255, 0)&#8221; background_image=&#8221;https:\/\/www.cancontrols.com\/wp-content\/uploads\/Technology\/technology_header.jpg&#8221; parallax=&#8221;on&#8221; parallax_method=&#8221;on&#8221; max_width_tablet=&#8221;50px&#8221; title_font_size_tablet=&#8221;60&#8243; title_font_size_phone=&#8221;40&#8243; title_font_size_last_edited=&#8221;on|desktop&#8221; subhead_font_size_tablet=&#8221;20px&#8221; subhead_font_size_phone=&#8221;15px&#8221; subhead_font_size_last_edited=&#8221;on|desktop&#8221; z_index_tablet=&#8221;500&#8243; custom_css_title=&#8221;font-family: Impact, &#8216;Anton&#8217;, sans-serif;||text-shadow:0 0 5px black;||opacity: 0.95;||&#8221; custom_css_subtitle=&#8221;text-shadow:0 0 5px black;||opacity: 0.95;||&#8221; custom_css_scroll_button=&#8221;text-shadow:0 0 5px black;||opacity: 0.9;&#8221; global_colors_info=&#8221;{}&#8221; button_one_text_size__hover_enabled=&#8221;off&#8221; button_one_text_size__hover=&#8221;null&#8221; button_two_text_size__hover_enabled=&#8221;off&#8221; button_two_text_size__hover=&#8221;null&#8221; button_one_text_color__hover_enabled=&#8221;off&#8221; button_one_text_color__hover=&#8221;null&#8221; button_two_text_color__hover_enabled=&#8221;off&#8221; button_two_text_color__hover=&#8221;null&#8221; button_one_border_width__hover_enabled=&#8221;off&#8221; button_one_border_width__hover=&#8221;null&#8221; button_two_border_width__hover_enabled=&#8221;off&#8221; button_two_border_width__hover=&#8221;null&#8221; button_one_border_color__hover_enabled=&#8221;off&#8221; button_one_border_color__hover=&#8221;null&#8221; button_two_border_color__hover_enabled=&#8221;off&#8221; button_two_border_color__hover=&#8221;null&#8221; button_one_border_radius__hover_enabled=&#8221;off&#8221; button_one_border_radius__hover=&#8221;null&#8221; button_two_border_radius__hover_enabled=&#8221;off&#8221; button_two_border_radius__hover=&#8221;null&#8221; button_one_letter_spacing__hover_enabled=&#8221;off&#8221; button_one_letter_spacing__hover=&#8221;null&#8221; button_two_letter_spacing__hover_enabled=&#8221;off&#8221; button_two_letter_spacing__hover=&#8221;null&#8221; button_one_bg_color__hover_enabled=&#8221;off&#8221; button_one_bg_color__hover=&#8221;null&#8221; button_two_bg_color__hover_enabled=&#8221;off&#8221; button_two_bg_color__hover=&#8221;null&#8221;][\/et_pb_fullwidth_header][\/et_pb_section][et_pb_section fb_built=&#8221;1&#8243; inner_shadow=&#8221;on&#8221; admin_label=&#8221;section&#8221; _builder_version=&#8221;4.16&#8243; background_color=&#8221;#f7f7f7&#8243; global_colors_info=&#8221;{}&#8221; da_is_popup=&#8221;off&#8221; da_exit_intent=&#8221;off&#8221; da_has_close=&#8221;on&#8221; da_alt_close=&#8221;off&#8221; da_dark_close=&#8221;off&#8221; da_not_modal=&#8221;on&#8221; da_is_singular=&#8221;off&#8221; da_with_loader=&#8221;off&#8221; da_has_shadow=&#8221;on&#8221; da_disable_devices=&#8221;off|off|off&#8221;][et_pb_row admin_label=&#8221;row&#8221; _builder_version=&#8221;4.16&#8243; background_size=&#8221;initial&#8221; background_position=&#8221;top_left&#8221; background_repeat=&#8221;repeat&#8221; global_colors_info=&#8221;{}&#8221;][et_pb_column type=&#8221;4_4&#8243; _builder_version=&#8221;4.16&#8243; custom_padding=&#8221;|||&#8221; global_colors_info=&#8221;{}&#8221; custom_padding__hover=&#8221;|||&#8221;][et_pb_text admin_label=&#8221;Teaser Technology&#8221; _builder_version=&#8221;4.16&#8243; text_font_size=&#8221;22&#8243; text_line_height=&#8221;1.4em&#8221; background_size=&#8221;initial&#8221; background_position=&#8221;top_left&#8221; background_repeat=&#8221;repeat&#8221; text_orientation=&#8221;center&#8221; module_alignment=&#8221;center&#8221; custom_padding_last_edited=&#8221;off|&#8221; use_border_color=&#8221;off&#8221; border_color=&#8221;#000000&#8243; border_width=&#8221;3px&#8221; border_style=&#8221;groove&#8221; global_colors_info=&#8221;{}&#8221;]<\/p>\n<h3><strong><span class=\"et_pb_fullwidth_header_subhead\">What you should expect on market in five years\u00a0<\/span> <\/strong><\/h3>\n<p><span id=\"result_box\" class=\"\" lang=\"en\">CanControls develops and implements highly complex and smart image processing systems. Learn more about our state-of-the-art methods in the field of pattern recognition and <span class=\"\">image processing<\/span>!<\/span><\/p>\n<p>[\/et_pb_text][\/et_pb_column][\/et_pb_row][\/et_pb_section][et_pb_section fb_built=&#8221;1&#8243; inner_shadow=&#8221;on&#8221; custom_padding_last_edited=&#8221;on|desktop&#8221; _builder_version=&#8221;4.16&#8243; background_color=&#8221;#ffffff&#8221; custom_padding_tablet=&#8221;50px|0|50px|0&#8243; custom_padding_phone=&#8221;&#8221; transparent_background=&#8221;off&#8221; padding_mobile=&#8221;off&#8221; make_fullwidth=&#8221;off&#8221; use_custom_width=&#8221;off&#8221; width_unit=&#8221;on&#8221; global_colors_info=&#8221;{}&#8221; da_is_popup=&#8221;off&#8221; da_exit_intent=&#8221;off&#8221; da_has_close=&#8221;on&#8221; da_alt_close=&#8221;off&#8221; da_dark_close=&#8221;off&#8221; da_not_modal=&#8221;on&#8221; da_is_singular=&#8221;off&#8221; da_with_loader=&#8221;off&#8221; da_has_shadow=&#8221;on&#8221; da_disable_devices=&#8221;off|off|off&#8221;][et_pb_row _builder_version=&#8221;4.16&#8243; background_size=&#8221;initial&#8221; background_position=&#8221;top_left&#8221; background_repeat=&#8221;repeat&#8221; global_colors_info=&#8221;{}&#8221; column_structure=&#8221;1_2,1_2&#8243;][et_pb_column type=&#8221;1_2&#8243; _builder_version=&#8221;4.16&#8243; custom_padding=&#8221;|||&#8221; global_colors_info=&#8221;{}&#8221; custom_padding__hover=&#8221;|||&#8221;][et_pb_blurb title=&#8221;Facial Feature Analysis&#8221; image=&#8221;https:\/\/www.cancontrols.com\/wp-content\/uploads\/2015\/11\/Fotolia_97044706_Subscription_Monthly_M.jpg&#8221; admin_label=&#8221;Facial Feature Analysis&#8221; module_class=&#8221;ulle&#8221; _builder_version=&#8221;4.19.4&#8243; header_font_size=&#8221;25&#8243; background_color=&#8221;rgba(12,113,195,0.1)&#8221; background_size=&#8221;initial&#8221; background_position=&#8221;top_left&#8221; background_repeat=&#8221;repeat&#8221; text_orientation=&#8221;center&#8221; custom_margin=&#8221;0px|0px|0px|0px&#8221; custom_margin_last_edited=&#8221;off|phone&#8221; custom_padding=&#8221;1px|||&#8221; custom_padding_phone=&#8221;0px|0px|0px|0px&#8221; custom_padding_last_edited=&#8221;off|desktop&#8221; animation=&#8221;off&#8221; hover_enabled=&#8221;0&#8243; header_font_size_tablet=&#8221;&#8221; header_font_size_phone=&#8221;18&#8243; header_font_size_last_edited=&#8221;on|phone&#8221; header_line_height_last_edited=&#8221;off|desktop&#8221; body_line_height_phone=&#8221;1.4em&#8221; body_line_height_last_edited=&#8221;off|phone&#8221; custom_css_main_element=&#8221;img{transition: 0.5s;}||hover img{transform: scale(0.5) translateX(100%); position: relative; z-index: 9; border: 6px solid rgba(255, 255, 255, 0.9);}||.text-desc{transform: translateX(-100%); opacity: 0; padding: 40px 90px 20px 20px; transition: 0.5s;}||hover .text-desc{transform: translateX(0px); opacity: 1;}&#8221; use_border_color=&#8221;off&#8221; use_circle=&#8221;off&#8221; use_circle_border=&#8221;off&#8221; global_colors_info=&#8221;{}&#8221; sticky_enabled=&#8221;0&#8243;]<\/p>\n<p><span id=\"result_box\" class=\"\" lang=\"en\"><span class=\"\">What man can do from birth is our supreme discipline: the reading of the human face.<\/span> <span class=\"alt-edited\">In order to understand the user better we take to much time: 20ms.<\/span><\/span><\/p>\n<p>[\/et_pb_blurb][\/et_pb_column][et_pb_column type=&#8221;1_2&#8243; _builder_version=&#8221;4.16&#8243; custom_padding=&#8221;|||&#8221; global_colors_info=&#8221;{}&#8221; custom_padding__hover=&#8221;|||&#8221;][et_pb_blurb title=&#8221;Gesture Recognition&#8221; image=&#8221;https:\/\/www.cancontrols.com\/wp-content\/uploads\/2015\/11\/Gestenanalyse_klein.jpg&#8221; admin_label=&#8221;Gesture Recognition&#8221; module_class=&#8221;ulle&#8221; _builder_version=&#8221;4.19.4&#8243; header_font_size=&#8221;25&#8243; background_color=&#8221;rgba(12,113,195,0.1)&#8221; background_size=&#8221;initial&#8221; background_position=&#8221;top_left&#8221; background_repeat=&#8221;repeat&#8221; text_orientation=&#8221;center&#8221; max_width_tablet=&#8221;50px&#8221; custom_margin=&#8221;0px|0px|0px|0px&#8221; custom_margin_last_edited=&#8221;off|phone&#8221; custom_padding=&#8221;1px|||&#8221; custom_padding_phone=&#8221;0px|0px|0px|0px&#8221; custom_padding_last_edited=&#8221;off|desktop&#8221; animation=&#8221;off&#8221; hover_enabled=&#8221;0&#8243; header_font_size_tablet=&#8221;&#8221; header_font_size_phone=&#8221;18&#8243; header_font_size_last_edited=&#8221;on|phone&#8221; header_line_height_last_edited=&#8221;off|desktop&#8221; body_line_height_phone=&#8221;1.4em&#8221; body_line_height_last_edited=&#8221;off|phone&#8221; custom_css_main_element=&#8221;img{transition: 0.5s;}||hover img{transform: scale(0.5) translateX(100%); position: relative; z-index: 9; border: 6px solid rgba(255, 255, 255, 0.9);}||.text-desc{transform: translateX(-100%); opacity: 0; padding: 40px 90px 20px 20px; transition: 0.5s;}||hover .text-desc{transform: translateX(0px); opacity: 1;}&#8221; use_border_color=&#8221;off&#8221; use_circle=&#8221;off&#8221; use_circle_border=&#8221;off&#8221; global_colors_info=&#8221;{}&#8221; sticky_enabled=&#8221;0&#8243;]<\/p>\n<p>Gesten z\u00e4hlen zu den nat\u00fcrlichsten Kommunikationsarten des Menschen. Unsere Anwendungen bieten Ihnen ber\u00fchrungslose Bedienung auf h\u00f6chstem Niveau.<\/p>\n<p>[\/et_pb_blurb][\/et_pb_column][\/et_pb_row][et_pb_row _builder_version=&#8221;4.16&#8243; background_size=&#8221;initial&#8221; background_position=&#8221;top_left&#8221; background_repeat=&#8221;repeat&#8221; global_colors_info=&#8221;{}&#8221; column_structure=&#8221;1_2,1_2&#8243;][et_pb_column type=&#8221;1_2&#8243; _builder_version=&#8221;4.16&#8243; custom_padding=&#8221;|||&#8221; global_colors_info=&#8221;{}&#8221; custom_padding__hover=&#8221;|||&#8221;][et_pb_blurb title=&#8221;Person Tracking&#8221; image=&#8221;https:\/\/www.cancontrols.com\/wp-content\/uploads\/2015\/11\/Personenanalyse_klein.jpg&#8221; admin_label=&#8221;Person Tracking&#8221; module_class=&#8221;ulle&#8221; _builder_version=&#8221;4.19.4&#8243; header_font_size=&#8221;25&#8243; background_color=&#8221;rgba(12,113,195,0.1)&#8221; background_size=&#8221;initial&#8221; background_position=&#8221;top_left&#8221; background_repeat=&#8221;repeat&#8221; text_orientation=&#8221;center&#8221; max_width_tablet=&#8221;50px&#8221; custom_margin=&#8221;0px|0px|0px|0px&#8221; custom_margin_last_edited=&#8221;off|phone&#8221; custom_padding=&#8221;1px|||&#8221; custom_padding_phone=&#8221;0px|0px|0px|0px&#8221; custom_padding_last_edited=&#8221;off|desktop&#8221; animation=&#8221;off&#8221; hover_enabled=&#8221;0&#8243; header_font_size_tablet=&#8221;&#8221; header_font_size_phone=&#8221;18&#8243; header_font_size_last_edited=&#8221;on|phone&#8221; header_line_height_last_edited=&#8221;off|desktop&#8221; body_line_height_phone=&#8221;1.4em&#8221; body_line_height_last_edited=&#8221;off|phone&#8221; custom_css_main_element=&#8221;img{transition: 0.5s;}||hover img{transform: scale(0.5) translateX(100%); position: relative; z-index: 9; border: 6px solid rgba(255, 255, 255, 0.9);}||.text-desc{transform: translateX(-100%); opacity: 0; padding: 40px 90px 20px 20px; transition: 0.5s;}||hover .text-desc{transform: translateX(0px); opacity: 1;}&#8221; use_border_color=&#8221;off&#8221; use_circle=&#8221;off&#8221; use_circle_border=&#8221;off&#8221; global_colors_info=&#8221;{}&#8221; sticky_enabled=&#8221;0&#8243;][\/et_pb_blurb][\/et_pb_column][et_pb_column type=&#8221;1_2&#8243; _builder_version=&#8221;4.16&#8243; custom_padding=&#8221;|||&#8221; global_colors_info=&#8221;{}&#8221; custom_padding__hover=&#8221;|||&#8221;][et_pb_blurb title=&#8221;Object Analysis&#8221; image=&#8221;https:\/\/www.cancontrols.com\/wp-content\/uploads\/2015\/11\/Oberfl\u00e4chenanalyse_klein.jpg&#8221; admin_label=&#8221;Object Analysis&#8221; module_class=&#8221;ulle&#8221; _builder_version=&#8221;4.19.4&#8243; header_font_size=&#8221;25&#8243; background_color=&#8221;rgba(12,113,195,0.1)&#8221; background_size=&#8221;initial&#8221; background_position=&#8221;top_left&#8221; background_repeat=&#8221;repeat&#8221; text_orientation=&#8221;center&#8221; custom_margin=&#8221;0px|0px|0px|0px&#8221; custom_margin_last_edited=&#8221;off|phone&#8221; custom_padding=&#8221;1px|||&#8221; custom_padding_phone=&#8221;0px|0px|0px|0px&#8221; custom_padding_last_edited=&#8221;off|desktop&#8221; animation=&#8221;off&#8221; hover_enabled=&#8221;0&#8243; header_font_size_tablet=&#8221;&#8221; header_font_size_phone=&#8221;18&#8243; header_font_size_last_edited=&#8221;on|phone&#8221; header_line_height_last_edited=&#8221;off|desktop&#8221; body_line_height_phone=&#8221;1.4em&#8221; body_line_height_last_edited=&#8221;off|phone&#8221; custom_css_main_element=&#8221;img{transition: 0.5s;}||hover img{transform: scale(0.5) translateX(100%); position: relative; z-index: 9; border: 6px solid rgba(255, 255, 255, 0.9);}||.text-desc{transform: translateX(-100%); opacity: 0; padding: 40px 90px 20px 20px; transition: 0.5s;}||hover .text-desc{transform: translateX(0px); opacity: 1;}&#8221; use_border_color=&#8221;off&#8221; use_circle=&#8221;off&#8221; use_circle_border=&#8221;off&#8221; global_colors_info=&#8221;{}&#8221; sticky_enabled=&#8221;0&#8243;][\/et_pb_blurb][\/et_pb_column][\/et_pb_row][et_pb_row _builder_version=&#8221;4.16&#8243; background_size=&#8221;initial&#8221; background_position=&#8221;top_left&#8221; background_repeat=&#8221;repeat&#8221; global_colors_info=&#8221;{}&#8221; column_structure=&#8221;1_2,1_2&#8243;][et_pb_column type=&#8221;1_2&#8243; _builder_version=&#8221;4.16&#8243; custom_padding=&#8221;|||&#8221; global_colors_info=&#8221;{}&#8221; custom_padding__hover=&#8221;|||&#8221;][et_pb_blurb title=&#8221;Other Skills&#8221; image=&#8221;https:\/\/www.cancontrols.com\/wp-content\/uploads\/2015\/11\/Kompetenzen_klein.jpg&#8221; admin_label=&#8221;Other Skills&#8221; module_class=&#8221;ulle&#8221; _builder_version=&#8221;4.19.4&#8243; header_font_size=&#8221;25&#8243; background_color=&#8221;rgba(12,113,195,0.1)&#8221; background_size=&#8221;initial&#8221; background_position=&#8221;top_left&#8221; background_repeat=&#8221;repeat&#8221; text_orientation=&#8221;center&#8221; max_width_tablet=&#8221;50px&#8221; custom_margin=&#8221;0px|0px|0px|0px&#8221; custom_margin_last_edited=&#8221;off|phone&#8221; custom_padding=&#8221;1px|||&#8221; custom_padding_phone=&#8221;0px|0px|0px|0px&#8221; custom_padding_last_edited=&#8221;off|desktop&#8221; animation=&#8221;off&#8221; hover_enabled=&#8221;0&#8243; header_font_size_tablet=&#8221;&#8221; header_font_size_phone=&#8221;18&#8243; header_font_size_last_edited=&#8221;on|phone&#8221; header_line_height_last_edited=&#8221;off|desktop&#8221; body_line_height_phone=&#8221;1.4em&#8221; body_line_height_last_edited=&#8221;off|phone&#8221; custom_css_main_element=&#8221;img{transition: 0.5s;}||hover img{transform: scale(0.5) translateX(100%); position: relative; z-index: 9; border: 6px solid rgba(255, 255, 255, 0.9);}||.text-desc{transform: translateX(-100%); opacity: 0; padding: 40px 90px 20px 20px; transition: 0.5s;}||hover .text-desc{transform: translateX(0px); opacity: 1;}&#8221; use_border_color=&#8221;off&#8221; use_circle=&#8221;off&#8221; use_circle_border=&#8221;off&#8221; global_colors_info=&#8221;{}&#8221; sticky_enabled=&#8221;0&#8243;][\/et_pb_blurb][\/et_pb_column][et_pb_column type=&#8221;1_2&#8243; _builder_version=&#8221;4.16&#8243; custom_padding=&#8221;|||&#8221; global_colors_info=&#8221;{}&#8221; custom_padding__hover=&#8221;|||&#8221;][\/et_pb_column][\/et_pb_row][\/et_pb_section][et_pb_section fb_built=&#8221;1&#8243; admin_label=&#8221;section&#8221; _builder_version=&#8221;4.16&#8243; global_colors_info=&#8221;{}&#8221; da_is_popup=&#8221;off&#8221; da_exit_intent=&#8221;off&#8221; da_has_close=&#8221;on&#8221; da_alt_close=&#8221;off&#8221; da_dark_close=&#8221;off&#8221; da_not_modal=&#8221;on&#8221; da_is_singular=&#8221;off&#8221; da_with_loader=&#8221;off&#8221; da_has_shadow=&#8221;on&#8221; da_disable_devices=&#8221;off|off|off&#8221;][et_pb_row admin_label=&#8221;row&#8221; _builder_version=&#8221;4.16&#8243; background_size=&#8221;initial&#8221; background_position=&#8221;top_left&#8221; background_repeat=&#8221;repeat&#8221; global_colors_info=&#8221;{}&#8221;][\/et_pb_row][\/et_pb_section]<\/p>\n","protected":false},"excerpt":{"rendered":"<p>What you should expect on market in five years\u00a0 CanControls develops and implements highly complex and smart image processing systems. Learn more about our state-of-the-art methods in the field of pattern recognition and image processing! What man can do from birth is our supreme discipline: the reading of the human face. In order to understand [&hellip;]<\/p>\n","protected":false},"author":1,"featured_media":0,"parent":0,"menu_order":4,"comment_status":"closed","ping_status":"closed","template":"","meta":{"_et_pb_use_builder":"on","_et_pb_old_content":"","_et_gb_content_width":"","footnotes":""},"folder":[],"class_list":["post-122","page","type-page","status-publish","hentry"],"_links":{"self":[{"href":"https:\/\/www.cancontrols.com\/en\/wp-json\/wp\/v2\/pages\/122","targetHints":{"allow":["GET"]}}],"collection":[{"href":"https:\/\/www.cancontrols.com\/en\/wp-json\/wp\/v2\/pages"}],"about":[{"href":"https:\/\/www.cancontrols.com\/en\/wp-json\/wp\/v2\/types\/page"}],"author":[{"embeddable":true,"href":"https:\/\/www.cancontrols.com\/en\/wp-json\/wp\/v2\/users\/1"}],"replies":[{"embeddable":true,"href":"https:\/\/www.cancontrols.com\/en\/wp-json\/wp\/v2\/comments?post=122"}],"version-history":[{"count":8,"href":"https:\/\/www.cancontrols.com\/en\/wp-json\/wp\/v2\/pages\/122\/revisions"}],"predecessor-version":[{"id":3792,"href":"https:\/\/www.cancontrols.com\/en\/wp-json\/wp\/v2\/pages\/122\/revisions\/3792"}],"wp:attachment":[{"href":"https:\/\/www.cancontrols.com\/en\/wp-json\/wp\/v2\/media?parent=122"}],"wp:term":[{"taxonomy":"folder","embeddable":true,"href":"https:\/\/www.cancontrols.com\/en\/wp-json\/wp\/v2\/folder?post=122"}],"curies":[{"name":"wp","href":"https:\/\/api.w.org\/{rel}","templated":true}]}}